{"id":8466,"date":"2021-11-05T16:28:17","date_gmt":"2021-11-05T09:28:17","guid":{"rendered":"https:\/\/lornashore.store\/?page_id=8466"},"modified":"2021-11-05T16:32:58","modified_gmt":"2021-11-05T09:32:58","slug":"tracking-order","status":"publish","type":"page","link":"https:\/\/lornashore.store\/vi\/theo-doi-don-dat-hang\/","title":{"rendered":"Theo d\u00f5i \u0111\u01a1n h\u00e0ng"},"content":{"rendered":"<!-- <h1 class=\"entry-title\">Tracking order<\/h1> -->\r\n\t<div class=\"woocommerce\">\r\n\t\t<form action=\"\" method=\"post\" class=\"woocommerce-form woocommerce-form-track-order track_order\" data-trp-original-action=\"\">\r\n\r\n\t\t\t<p>\u0110\u1ec3 theo d\u00f5i \u0111\u01a1n h\u00e0ng c\u1ee7a b\u1ea1n, vui l\u00f2ng nh\u1eadp Email Thanh to\u00e1n c\u1ee7a b\u1ea1n v\u00e0o \u00f4 b\u00ean d\u01b0\u1edbi v\u00e0 nh\u1ea5n n\u00fat &quot;Theo d\u00f5i&quot;.<\/p>\r\n\r\n\t\t\t<!-- <p class=\"form-row form-row-first\"><label for=\"orderid\">Order ID<\/label> <input class=\"input-text\" type=\"text\" name=\"orderid\" id=\"orderid\" value=\"\" placeholder=\"Found in your order confirmation email.\"><\/p>\t -->\r\n\t\t\t<p class=\"form-row form-row-first\"><label style=\"font-weight: bold; font-size: 16px;\" for=\"order_email\">Thanh to\u00e1n b\u1eb1ng th\u01b0 \u0111i\u1ec7n t\u1eed<\/label> <input class=\"input-text\" type=\"text\" name=\"order_email\" id=\"order_email\" value=\"\" placeholder=\"Email b\u1ea1n \u0111\u00e3 s\u1eed d\u1ee5ng khi thanh to\u00e1n.\"><\/p>\t\r\n\t\t\t<div class=\"clear\"><\/div>\r\n\t\t\t<p class=\"form-row\"><button type=\"submit\" class=\"button portal-track\" name=\"track\" value=\"Track\">Theo d\u00f5i<\/button><span class=\"portal_loading\"><\/span><\/p>\r\n\t\t\t<input type=\"hidden\" id=\"portal-order-tracking\" name=\"portal-order-tracking\" value=\"02af893570\" \/><input type=\"hidden\" name=\"_wp_http_referer\" value=\"\/vi\/wp-json\/wp\/v2\/pages\/8466\" \/>\t\t<input type=\"hidden\" name=\"trp-form-language\" value=\"vi\"\/><\/form>\r\n\t\r\n\t<\/div>","protected":false},"excerpt":{"rendered":"","protected":false},"author":1,"featured_media":0,"parent":0,"menu_order":0,"comment_status":"closed","ping_status":"closed","template":"","meta":{"_acf_changed":false,"footnotes":""},"class_list":null,"acf":[],"_links":{"self":[{"href":"https:\/\/lornashore.store\/vi\/wp-json\/wp\/v2\/pages\/8466","targetHints":{"allow":["GET"]}}],"collection":[{"href":"https:\/\/lornashore.store\/vi\/wp-json\/wp\/v2\/pages"}],"about":[{"href":"https:\/\/lornashore.store\/vi\/wp-json\/wp\/v2\/types\/page"}],"author":[{"embeddable":true,"href":"https:\/\/lornashore.store\/vi\/wp-json\/wp\/v2\/users\/1"}],"replies":[{"embeddable":true,"href":"https:\/\/lornashore.store\/vi\/wp-json\/wp\/v2\/comments?post=8466"}],"version-history":[{"count":0,"href":"https:\/\/lornashore.store\/vi\/wp-json\/wp\/v2\/pages\/8466\/revisions"}],"wp:attachment":[{"href":"https:\/\/lornashore.store\/vi\/wp-json\/wp\/v2\/media?parent=8466"}],"curies":[{"name":"wp","href":"https:\/\/api.w.org\/{rel}","templated":true}]}}